{"id":754,"date":"2011-04-17T19:11:50","date_gmt":"2011-04-17T19:11:50","guid":{"rendered":"http:\/\/www.muzaffertekin.com.tr\/?page_id=754"},"modified":"2013-08-19T15:10:57","modified_gmt":"2013-08-19T12:10:57","slug":"takdirmanesi-bile-sahte","status":"publish","type":"page","link":"https:\/\/www.muzaffertekin.com.tr\/?page_id=754","title":{"rendered":"Sahte Takdirname \u0130ftiras\u0131"},"content":{"rendered":"<h2 style=\"text-align: justify;\"><strong>1996 y\u0131l\u0131nda, ge\u00e7mi\u015fte askeri lisede s\u0131n\u0131f arkada\u015f\u0131m olan, o d\u00f6nem 121.Taktik Komando Alay Komutanl\u0131\u011f\u0131 g\u00f6revinde bulunan Kur. Alb. Mahir K\u00f6k bir jest olarak taraf\u0131ma y\u00f6nelik bir takdirname tanzim etmi\u015f ve izine geldi\u011fi bir g\u00fcn b\u00fcromda \u015fahs\u0131ma bizzat taktim etmi\u015ftir.<\/strong><\/h2>\n<h2 style=\"text-align: justify;\"><strong>Emekli oldu\u011fum d\u00f6nemde, bir s\u0131n\u0131f arkada\u015f\u0131m\u0131n bu jest&#8217;i beni fevkalade m\u00fctehass\u0131s etmi\u015f olup, b\u00fcromda bunu muhafaza etmekten b\u00fcy\u00fck onur duyaca\u011f\u0131m\u0131 o vesile ile kendisine ifade etmi\u015fimdir. 11 y\u0131l boyunca da bu kadir\u015finasl\u0131k \u00fcr\u00fcn\u00fc belgeyi bulundurmaktan onur duydum.<\/strong><\/h2>\n<h2 style=\"text-align: justify;\"><strong>Ergenekon soru\u015fturmas\u0131 kapsam\u0131nda \u015fahs\u0131ma y\u00f6nelik yap\u0131lan itibars\u0131zla\u015ft\u0131rma tertiplerinde ise dostane duygularla tanzim edilmi\u015f bu belge ara\u00e7 olarak kullan\u0131lm\u0131\u015ft\u0131r. B\u00fcromda bulunan bu takdirnameyle ilgili, bas\u0131nda \u015fahs\u0131m\u0131 rencide etmeye y\u00f6nelik iddialar yer alm\u0131\u015ft\u0131r. A\u015fa\u011f\u0131da da g\u00f6r\u00fcld\u00fc\u011f\u00fc \u00fczere, r\u00fctbe k\u0131sm\u0131nda vatan a\u015f\u0131\u011f\u0131 yazan s\u00f6z konusu takdirnameyi, benim d\u00fczenledi\u011fim \u015feklinde iddia ile\u00a0itibar\u0131m k\u00fc\u00e7\u00fck d\u00fc\u015f\u00fcr\u00fclmek istenmi\u015ftir.<\/strong><\/h2>\n<h2 style=\"text-align: justify;\"><strong>Savc\u0131, asl\u0131 bende olan takdirnameyi bir ba\u015fka san\u0131ktan ele ge\u00e7irdi\u011fini ileri s\u00fcrerek bunun ger\u00e7ek olup olmad\u0131\u011f\u0131n\u0131 ara\u015ft\u0131rm\u0131\u015ft\u0131r. <\/strong><\/h2>\n<h2 style=\"text-align: justify;\"><strong>Halbuki konu \u015fahs\u0131m\u0131 direkt ilgilendirmesine ra\u011fmen bana bu konuda tek bir soru dahi sormam\u0131\u015ft\u0131r!<\/strong><\/h2>\n<h2 style=\"text-align: justify;\"><strong>Bas\u0131nda yer ald\u0131\u011f\u0131 \u015fekliyle Alay Komutan\u0131n\u0131n ismi Halim K\u00d6K olarak ifade edilmi\u015ftir. Ger\u00e7ekte ise, yukar\u0131da da belirtti\u011fim gibi takdirnameyi veren Alay Komutan\u0131n\u0131n ismi Mahir K\u00d6K? t\u00fcr.<\/strong><\/h2>\n<h2 style=\"text-align: justify;\"><strong>Bu konunun ger\u00e7ek y\u00fcz\u00fcn\u00fcn ortaya \u00e7\u0131kmas\u0131 i\u00e7in ilgili makamlara m\u00fcracaatlarda bulundum. <\/strong><\/h2>\n<h2 style=\"text-align: justify;\"><strong>Benim b\u00f6yle bir belge d\u00fczenlemeyece\u011fimi beni tan\u0131yanlar bilir ve ihtiyac\u0131mda yoktur!<\/strong><\/h2>\n<h2 style=\"text-align: justify;\"><span style=\"text-decoration: underline;\"><strong>T\u00fcrk Silahl\u0131 Kuvvetlerinde her kul?a nasip olmayan en \u00fcst\u00fcn <\/strong><strong>ni\u015fan?a Te\u011fmen r\u00fctbesinde hak kazanm\u0131\u015f bir subay olmak \u015fahs\u0131m i\u00e7in onurlar\u0131n en b\u00fcy\u00fc\u011f\u00fcd\u00fcr!<\/strong><\/span><\/h2>\n<h2 style=\"text-align: justify;\"><strong>Savc\u0131 ve malum medya, yapm\u0131\u015f olduklar\u0131 tahrifat ve kelime oyunlar\u0131yla toplum nezdinde beni k\u00fc\u00e7\u00fck d\u00fc\u015f\u00fcrmeyi ama\u00e7lam\u0131\u015flard\u0131r. Fakat, bu ama\u00e7lar\u0131na\u00a0 ula\u015famam\u0131\u015flard\u0131r, <\/strong><strong><strong>ula\u015famayacaklard\u0131r da!<\/strong><\/strong><\/h2>\n<h2 style=\"text-align: justify;\">Bana bu takdirnameyi veren s\u0131n\u0131f arkada\u015f\u0131m (E)Tu\u011fgeneral Mahir K\u00f6k&#8217;e defalarca \u00e7a\u011fr\u0131da bulundum. Do\u011fruyu a\u00e7\u0131klayarak, onurumu zedeleyen bu iftiray\u0131 a\u00e7\u0131\u011fa \u00e7\u0131karmas\u0131n\u0131 istedim. Ge\u00e7 de olsa kendisinden konu ile ilgili bir a\u00e7\u0131klama geldi.<\/h2>\n<h2 style=\"text-align: justify;\"><strong>(E)Tu\u011fgeneral Mahir K\u00f6k, \u015f<\/strong><strong>ahs\u0131ma y\u00f6nelik yap\u0131lm\u0131\u015f olan\u00a0bu itibar infaz\u0131 ile ilgili, 13. A\u011f\u0131r Ceza Mahkemesi Ba\u015fkanl\u0131\u011f\u0131na g\u00f6ndermi\u015f oldu\u011fu dilek\u00e7esinde olay\u0131n ger\u00e7ek y\u00fcz\u00fcn\u00fc a\u00e7\u0131klam\u0131\u015ft\u0131r.<\/strong><\/h2>\n<h2 style=\"text-align: justify;\"><\/h2>\n<h2><\/h2>\n<h2><\/h2>\n<h2><span style=\"text-decoration: underline;\">\u015eEREF VE ONURUM \u0130\u00c7\u0130N, S\u0130L\u0130VR\u0130 Z\u0130NDANLARINDAN YAPMI\u015e OLDU\u011eUM M\u00dcCADELEM\u0130N SAFAHATI ve MAH\u0130R K\u00d6K&#8217;\u00dcN MAHKEME BA\u015eKANLI\u011eI&#8217;NA G\u00d6NDERD\u0130\u011e\u0130 D\u0130LEK\u00c7ES\u0130 :<\/span><\/h2>\n<p><a href=\"http:\/\/www.muzaffertekin.com.tr\/wp-content\/uploads\/2011\/02\/MT-0886.jpg\"><img loading=\"lazy\" decoding=\"async\" title=\"MT 088\" alt=\"\" src=\"http:\/\/www.muzaffertekin.com.tr\/wp-content\/uploads\/2011\/02\/MT-0886-744x1024.jpg\" width=\"744\" height=\"1024\" \/><\/a><a href=\"http:\/\/www.muzaffertekin.com.tr\/wp-content\/uploads\/2011\/02\/MT-089.jpg\"><img loading=\"lazy\" decoding=\"async\" title=\"MT 089\" alt=\"\" src=\"http:\/\/www.muzaffertekin.com.tr\/wp-content\/uploads\/2011\/02\/MT-089-744x1024.jpg\" width=\"744\" height=\"1024\" \/><\/a><\/p>\n<p><a href=\"http:\/\/www.muzaffertekin.com.tr\/wp-content\/uploads\/2011\/02\/MT-090.jpg\"><img loading=\"lazy\" decoding=\"async\" title=\"MT 090\" alt=\"\" src=\"http:\/\/www.muzaffertekin.com.tr\/wp-content\/uploads\/2011\/02\/MT-090-744x1024.jpg\" width=\"744\" height=\"1024\" \/><\/a><\/p>\n<p>&nbsp;<\/p>\n<p><a href=\"http:\/\/www.muzaffertekin.com.tr\/wp-content\/uploads\/2011\/02\/MT-091.jpg\"><img loading=\"lazy\" decoding=\"async\" title=\"MT 091\" alt=\"\" src=\"http:\/\/www.muzaffertekin.com.tr\/wp-content\/uploads\/2011\/02\/MT-091-744x1024.jpg\" width=\"744\" height=\"1024\" \/><\/a><\/p>\n<p><a href=\"http:\/\/www.muzaffertekin.com.tr\/wp-content\/uploads\/2011\/02\/MT-092.jpg\"><img loading=\"lazy\" decoding=\"async\" title=\"MT 092\" alt=\"\" src=\"http:\/\/www.muzaffertekin.com.tr\/wp-content\/uploads\/2011\/02\/MT-092-744x1024.jpg\" width=\"744\" height=\"1024\" \/><\/a><\/p>\n<p><a href=\"http:\/\/www.muzaffertekin.com.tr\/wp-content\/uploads\/2011\/02\/MT-093.jpg\"><img loading=\"lazy\" decoding=\"async\" title=\"MT 093\" alt=\"\" src=\"http:\/\/www.muzaffertekin.com.tr\/wp-content\/uploads\/2011\/02\/MT-093-744x1024.jpg\" width=\"744\" height=\"1024\" \/><\/a><\/p>\n<p>&nbsp;<\/p>\n<h3 style=\"text-align: center;\">SAHTE OLDU\u011eU \u0130DD\u0130A ED\u0130LEN TAKD\u0130RNAME (A\u015fa\u011f\u0131da)<\/h3>\n<p><a href=\"http:\/\/www.muzaffertekin.com.tr\/wp-content\/uploads\/2011\/02\/MT-094.jpg\"><img loading=\"lazy\" decoding=\"async\" title=\"MT 094\" alt=\"\" src=\"http:\/\/www.muzaffertekin.com.tr\/wp-content\/uploads\/2011\/02\/MT-094-1024x744.jpg\" width=\"1024\" height=\"744\" \/><\/a><\/p>\n<p>&nbsp;<\/p>\n<p><a href=\"http:\/\/www.muzaffertekin.com.tr\/wp-content\/uploads\/2011\/02\/MT-095.jpg\"><img loading=\"lazy\" decoding=\"async\" title=\"MT 095\" alt=\"\" src=\"http:\/\/www.muzaffertekin.com.tr\/wp-content\/uploads\/2011\/02\/MT-095-744x1024.jpg\" width=\"744\" height=\"1024\" \/><\/a><\/p>\n<p>&nbsp;<\/p>\n<p><a href=\"http:\/\/www.muzaffertekin.com.tr\/wp-content\/uploads\/2011\/02\/MT-0981.jpg\"><img loading=\"lazy\" decoding=\"async\" title=\"MT 098\" alt=\"\" src=\"http:\/\/www.muzaffertekin.com.tr\/wp-content\/uploads\/2011\/02\/MT-0981-744x1024.jpg\" width=\"744\" height=\"1024\" \/><\/a><\/p>\n<p><a href=\"http:\/\/www.muzaffertekin.com.tr\/wp-content\/uploads\/2011\/02\/MT-096.jpg\"><img loading=\"lazy\" decoding=\"async\" title=\"MT 096\" alt=\"\" src=\"http:\/\/www.muzaffertekin.com.tr\/wp-content\/uploads\/2011\/02\/MT-096-744x1024.jpg\" width=\"744\" height=\"1024\" \/><\/a><\/p>\n<p>&nbsp;<\/p>\n<h2 style=\"text-align: center;\"><a href=\"http:\/\/www.muzaffertekin.com.tr\/wp-content\/uploads\/2011\/02\/MT-097.jpg\"><img loading=\"lazy\" decoding=\"async\" title=\"MT 097\" alt=\"\" src=\"http:\/\/www.muzaffertekin.com.tr\/wp-content\/uploads\/2011\/02\/MT-097-744x1024.jpg\" width=\"744\" height=\"1024\" \/><\/a><\/h2>\n<h1 style=\"text-align: center;\">(E) TU\u011eGENERAL MAH\u0130R K\u00d6K&#8217;\u00dcN D\u0130LEK\u00c7ES\u0130<\/h1>\n<p><a href=\"http:\/\/www.muzaffertekin.com.tr\/?attachment_id=1517\" rel=\"attachment wp-att-1517\"><img loading=\"lazy\" decoding=\"async\" class=\"aligncenter size-large wp-image-1517\" title=\"001\" alt=\"\" src=\"http:\/\/www.muzaffertekin.com.tr\/wp-content\/uploads\/2011\/07\/001-744x1024.jpg\" width=\"744\" height=\"1024\" srcset=\"https:\/\/www.muzaffertekin.com.tr\/wp-content\/uploads\/2011\/07\/001-744x1024.jpg 744w, https:\/\/www.muzaffertekin.com.tr\/wp-content\/uploads\/2011\/07\/001-218x300.jpg 218w\" sizes=\"auto, (max-width: 744px) 100vw, 744px\" \/><\/a><a href=\"http:\/\/www.muzaffertekin.com.tr\/?attachment_id=1519\" rel=\"attachment wp-att-1519\"><img loading=\"lazy\" decoding=\"async\" class=\"aligncenter size-large wp-image-1519\" title=\"002\" alt=\"\" src=\"http:\/\/www.muzaffertekin.com.tr\/wp-content\/uploads\/2011\/07\/002-744x1024.jpg\" width=\"744\" height=\"1024\" srcset=\"https:\/\/www.muzaffertekin.com.tr\/wp-content\/uploads\/2011\/07\/002-744x1024.jpg 744w, https:\/\/www.muzaffertekin.com.tr\/wp-content\/uploads\/2011\/07\/002-218x300.jpg 218w\" sizes=\"auto, (max-width: 744px) 100vw, 744px\" \/><\/a><\/p>\n<p>&nbsp;<\/p>\n<p>&nbsp;<\/p>\n<p>&nbsp;<\/p>\n<p>&nbsp;<\/p>\n<p>&nbsp;<\/p>\n<p>&nbsp;<\/p>\n<p>&nbsp;<\/p>\n<p>&nbsp;<\/p>\n<p>&nbsp;<\/p>\n<p>&nbsp;<\/p>\n<p>&nbsp;<\/p>\n<p>&nbsp;<\/p>\n","protected":false},"excerpt":{"rendered":"<p>1996 y\u0131l\u0131nda, ge\u00e7mi\u015fte askeri lisede s\u0131n\u0131f arkada\u015f\u0131m olan, o d\u00f6nem 121.Taktik Komando Alay Komutanl\u0131\u011f\u0131 g\u00f6revinde bulunan Kur. Alb. Mahir K\u00f6k bir jest olarak taraf\u0131ma y\u00f6nelik bir takdirname tanzim etmi\u015f ve izine geldi\u011fi bir g\u00fcn b\u00fcromda \u015fahs\u0131ma bizzat taktim etmi\u015ftir. Emekli oldu\u011fum d\u00f6nemde, bir s\u0131n\u0131f arkada\u015f\u0131m\u0131n bu jest&#8217;i beni fevkalade m\u00fctehass\u0131s etmi\u015f olup, b\u00fcromda bunu muhafaza [&hellip;]<\/p>\n","protected":false},"author":1,"featured_media":0,"parent":476,"menu_order":5,"comment_status":"open","ping_status":"open","template":"","meta":{"ngg_post_thumbnail":0,"footnotes":""},"class_list":["post-754","page","type-page","status-publish","hentry"],"aioseo_notices":[],"_links":{"self":[{"href":"https:\/\/www.muzaffertekin.com.tr\/index.php?rest_route=\/wp\/v2\/pages\/754","targetHints":{"allow":["GET"]}}],"collection":[{"href":"https:\/\/www.muzaffertekin.com.tr\/index.php?rest_route=\/wp\/v2\/pages"}],"about":[{"href":"https:\/\/www.muzaffertekin.com.tr\/index.php?rest_route=\/wp\/v2\/types\/page"}],"author":[{"embeddable":true,"href":"https:\/\/www.muzaffertekin.com.tr\/index.php?rest_route=\/wp\/v2\/users\/1"}],"replies":[{"embeddable":true,"href":"https:\/\/www.muzaffertekin.com.tr\/index.php?rest_route=%2Fwp%2Fv2%2Fcomments&post=754"}],"version-history":[{"count":39,"href":"https:\/\/www.muzaffertekin.com.tr\/index.php?rest_route=\/wp\/v2\/pages\/754\/revisions"}],"predecessor-version":[{"id":2616,"href":"https:\/\/www.muzaffertekin.com.tr\/index.php?rest_route=\/wp\/v2\/pages\/754\/revisions\/2616"}],"up":[{"embeddable":true,"href":"https:\/\/www.muzaffertekin.com.tr\/index.php?rest_route=\/wp\/v2\/pages\/476"}],"wp:attachment":[{"href":"https:\/\/www.muzaffertekin.com.tr\/index.php?rest_route=%2Fwp%2Fv2%2Fmedia&parent=754"}],"curies":[{"name":"wp","href":"https:\/\/api.w.org\/{rel}","templated":true}]}}