{"id":565,"date":"2011-03-22T11:58:11","date_gmt":"2011-03-22T11:58:11","guid":{"rendered":"http:\/\/www.muzaffertekin.com.tr\/?page_id=565"},"modified":"2012-12-19T14:28:22","modified_gmt":"2012-12-19T12:28:22","slug":"bagimsiz-turk-ortodoks-kilisesi","status":"publish","type":"page","link":"https:\/\/www.muzaffertekin.com.tr\/?page_id=565","title":{"rendered":"Ba\u011f\u0131ms\u0131z T\u00fcrk Ortodoks Patrikhanesi"},"content":{"rendered":"<p><a href=\"http:\/\/www.muzaffertekin.com.tr\/wp-content\/uploads\/2011\/03\/Papa-Eftim.jpg\"><img loading=\"lazy\" decoding=\"async\" class=\"aligncenter size-medium wp-image-2267\" title=\"Papa Eftim\" alt=\"\" src=\"http:\/\/www.muzaffertekin.com.tr\/wp-content\/uploads\/2011\/03\/Papa-Eftim-300x193.jpg\" width=\"300\" height=\"193\" srcset=\"https:\/\/www.muzaffertekin.com.tr\/wp-content\/uploads\/2011\/03\/Papa-Eftim-300x193.jpg 300w, https:\/\/www.muzaffertekin.com.tr\/wp-content\/uploads\/2011\/03\/Papa-Eftim.jpg 871w\" sizes=\"auto, (max-width: 300px) 100vw, 300px\" \/><\/a><\/p>\n<p style=\"text-align: center;\"><strong><em>Papa Eftim, Bu Memlekete Bir Ordu Kadar Hizmet Etmi\u015ftir<\/em><\/strong><\/p>\n<p style=\"text-align: center;\"><strong>\u00a0 \u00a0 \u00a0 \u00a0 \u00a0 \u00a0 \u00a0 \u00a0 \u00a0 \u00a0 \u00a0 \u00a0 \u00a0 \u00a0 \u00a0 \u00a0 \u00a0 \u00a0 \u00a0 \u00a0 \u00a0 \u00a0 \u00a0 \u00a0 \u00a0 \u00a0 \u00a0 \u00a0 \u00a0 \u00a0 \u00a0 \u00a0 \u00a0 \u00a0 \u00a0 \u00a0 \u00a0 \u00a0 \u00a0 Mustafa Kemal ATAT\u00dcRK<\/strong><\/p>\n<p>&nbsp;<\/p>\n<p>&nbsp;<\/p>\n<p style=\"text-align: justify;\">Ba\u011f\u0131ms\u0131z T\u00fcrk Ortodoks Patrikhanesi, \u00e7e\u015fitli yay\u0131n organlar\u0131nda s\u00f6zde Ergenekon \u00f6rg\u00fct\u00fcn\u00fcn kararg\u00e2h\u0131 olarak yans\u0131t\u0131larak, kamuoyu b\u00fcy\u00fck bir dezenformasyona u\u011frat\u0131lm\u0131\u015ft\u0131r. Tan\u0131maktan onur ve gurur duydu\u011fum ba\u015fta, Patrikhanenin Bas\u0131n ve Halkla \u0130li\u015fkiler sorumlusu Say\u0131n, Sevgi Erenerol han\u0131mefendi olmak \u00fczere t\u00fcm mensuplar\u0131 bu \u00fclkeye sadakatle ba\u011fl\u0131, ayd\u0131n ve son derece samimi insanlard\u0131r. Kendilerine y\u00f6nelik zaman zaman yapm\u0131\u015f oldu\u011fum ziyaretlerin foto\u011fraflar\u0131 \u00e7arp\u0131t\u0131larak kamuoyunda \u00f6rg\u00fctsel ili\u015fki \u015f\u00fcphesi yarat\u0131lmak ama\u00e7lanm\u0131\u015ft\u0131r. Kilisenin T\u00fcrk halk\u0131na yeterince tan\u0131t\u0131lmad\u0131\u011f\u0131 ve toplumun bu konuda\u00a0yanl\u0131\u015f ve eksik bilgilendirildi\u011fi\u00a0d\u00fc\u015f\u00fcncesi ile ni\u00e7in o kilisede oldu\u011fumuzu tarih\u00e7esine yer vererek \u00f6zetle ifade etmek istiyorum;<\/p>\n<p style=\"text-align: justify;\">Ba\u011f\u0131ms\u0131z T\u00fcrk Ortodoks Patrikhanesi, Anadolu topraklar\u0131na Malazgirt zaferinden \u00e7ok \u00f6nceleri yerle\u015fmi\u015f olan O\u011fuz T\u00fcrklerinden m\u00fcrekkep milli bir kurulu\u015ftur. Sonraki d\u00f6nemde bu co\u011frafyaya h\u00e2kim olan M\u00fcsl\u00fcman T\u00fcrk devletleri de soyda\u015flar\u0131n\u0131n din de\u011fi\u015ftirmeleri i\u00e7in hi\u00e7bir bask\u0131da bulunmam\u0131\u015flar, bu sayede g\u00fcn\u00fcm\u00fcze kadar kimliklerini muhafaza etmi\u015flerdir. \u00a0Anadolu da \u00f6zellikle Karaman ve Akda\u011fmadeni?nde ya\u015fayan bu hristiyan T\u00fcrkler, I. Eftim Erenerol?un \u00f6nderli\u011finde Milli M\u00fccadelede son derece \u00f6nemli hizmetler ifa etmi\u015flerdir. B\u00fcy\u00fck \u00f6nder Atat\u00fcrk?\u00fcn davetiyle Sivas Kongresine i\u015ftirak eden Erenerol, milli bilin\u00e7 ve kararl\u0131 tutumuyla hayranl\u0131k uyand\u0131rm\u0131\u015ft\u0131r.<\/p>\n<p style=\"text-align: justify;\">Fener Rum Patrikhanesi, Kurtulu\u015f Sava\u015f\u0131 y\u0131llar\u0131nda, bir k\u0131s\u0131m faaliyetleri ile \u00fclkemiz aleyhine bir yakla\u015f\u0131m sergilemi\u015f, Yunan i\u015fgalini kutlayarak Yunanistan&#8217;\u0131 desteklemi\u015f, \u00fclkemizde ya\u015fayan Ortodoks H\u0131ristiyanlar\u0131 da bu y\u00f6nde te\u015fvik etmi\u015ftir. Bu nedenle de Patrikhane hayli tepki \u00e7ekerek, &#8220;<strong>fitne-fesat oca\u011f\u0131<\/strong>&#8221; olarak nitelendirilmi\u015ftir.<\/p>\n<p style=\"text-align: justify;\">O d\u00f6nemde, Keskin Metropoliti olan Papa I.Eftim, Helen idealleri do\u011frultusunda Osmanl\u0131 devleti i\u00e7erisindeki az\u0131nl\u0131klar\u0131 k\u0131\u015fk\u0131rtarak isyanlara te\u015fvik eden bu Fener Rum Patrikhanesine kar\u015f\u0131, Anadolu?yu kar\u0131\u015f kar\u0131\u015f dola\u015farak halka ger\u00e7ekleri anlatm\u0131\u015ft\u0131r. T\u00fcm dini topluklara ve kiliselere tamimler g\u00f6ndererek kendilerine adalet ve ho\u015fg\u00f6r\u00fcden ba\u015fka bir muamelede bulunmayan T\u00fcrk milletine kar\u015f\u0131 d\u00fc\u015fmanl\u0131k yapmamalar\u0131 konusunda uyar\u0131larda bulunmu\u015ftur. \u0130hanette bulunan dinda\u015flar\u0131 yerine kanda\u015flar\u0131yla beraber hareket etmeyi tercih eden Papa Eftim, yapt\u0131\u011f\u0131 bir konu\u015fmada ?<strong><em>Fener Rum Patrikhanesinin mumunu s\u00f6nd\u00fcrece\u011fim<\/em><\/strong>? ifadesini kulland\u0131\u011f\u0131nda, bir gazetecinin, bir T\u00fcrk gibi konu\u015ftunuz s\u00f6z\u00fcne son derece tepki g\u00f6stererek ? <strong><em>Ben T\u00fcrko\u011flu T\u00fcrk?\u00fcm<\/em><\/strong>? cevab\u0131n\u0131 vermi\u015ftir. Verdi\u011fi ilk muht\u0131rada hristiyan T\u00fcrklerin tarihsel k\u00f6keni hususunda bilimsel tespitlerde bulunan Papa Eftim T\u00fcrkl\u00fc\u011f\u00fcyle duydu\u011fu gururu, a\u015fa\u011f\u0131daki c\u00fcmlelere d\u00f6km\u00fc\u015ft\u00fcr;<\/p>\n<p style=\"text-align: justify;\"><em>Ben, her zaman her yerde T\u00fcrk oldu\u011fumu beyan ettim. Bir yabanc\u0131 T\u00fcrk dostu olabilir. Fakat benim gibi halis bir T\u00fcrk?\u00fcn, bir yabanc\u0131 T\u00fcrk dostu gibi g\u00f6sterilmesinden incinmemek ve teess\u00fcf duymamak m\u00fcmk\u00fcn de\u011fildir.<\/em><\/p>\n<p style=\"text-align: justify;\"><em>Bana T\u00fcrk demeyip T\u00fcrk dostu diyenleri hi\u00e7bir \u015fekilde affedemem! <\/em><\/p>\n<p style=\"text-align: justify;\"><em>Biz hristiyan T\u00fcrkler de, b\u00fct\u00fcn milletimizle beraber milli istiklalimize kavu\u015ftuk ve \u015fimdi \u00f6v\u00fcn\u00fcyoruz; ?<strong>Ne Mutlu T\u00fcrk?\u00fcm Diyene<\/strong>? <\/em><\/p>\n<p style=\"text-align: justify;\">23 Nisan 1920 tarihinde TBMM?nin a\u00e7\u0131l\u0131\u015f\u0131nda \u00e7ekilmi\u015f olan hemen hepimizin bildi\u011fi foto\u011frafta, Atat\u00fcrk?\u00fcn yan\u0131nda dua eden din adamlar\u0131ndan birisi Papa I.Eftim?dir. Meclisinin \u00f6n\u00fcnde d\u00fczenlenen miting s\u0131ras\u0131nda, Mustafa Kemal&#8217;in iste\u011fine uyarak, Meclis&#8217;in bah\u00e7e duvar\u0131n\u0131n \u00fczerine \u00e7\u0131k\u0131p s\u00f6yledi\u011fi nutuk, b\u00fcy\u00fck Atat\u00fcrk&#8217;\u00fcn de takdirine mazhar olmu\u015f, dinleyenleri hayret ve co\u015fku i\u00e7inde b\u0131rakm\u0131\u015ft\u0131r. Nutkunu, &#8220;<strong><em>Ya\u015fas\u0131n muzaffer T\u00fcrk Ordusu ve Milleti<\/em><\/strong>&#8221; s\u00f6zleriyle bitirmi\u015ftir.<\/p>\n<p style=\"text-align: justify;\">Papa Eftim?in ba\u015f\u0131nda bulundu\u011fu T\u00fcrk Ortodoks Patrikhanesi, Atat\u00fcrk?\u00fcn emriyle 1922&#8217;de Kayseri&#8217;de kurulmu\u015ftur. 1924 y\u0131l\u0131nda uygulanan yanl\u0131\u015f ?M\u00fcbadele? sonucu cemaatinin \u00e7o\u011fu da\u011f\u0131l\u0131nca Papa Eftim ve ailesi \u0130stanbul Karak\u00f6y&#8217;deki Panayia Kafatiani Kilisesine yerle\u015ferek \u00e7al\u0131\u015fmalar\u0131na oradan devam etmi\u015ftir. \u00d6mr\u00fcn\u00fc, devletinin b\u00fct\u00fcnl\u00fc\u011f\u00fc u\u011fruna m\u00fccadeleye adayan bu dava adam\u0131, Fener Rum Patrikhanesinin ihanetlerini g\u00f6zler \u00f6n\u00fcne sermi\u015f bunun kar\u015f\u0131l\u0131\u011f\u0131nda kendi dinda\u015flar\u0131 taraf\u0131ndan ihanetle su\u00e7lanm\u0131\u015f, aleyhinde davalar a\u00e7\u0131lm\u0131\u015f ve en sonunda da ruhani s\u0131fat\u0131 al\u0131nmak suretiyle aforoz edilmi\u015ftir. Fakat bu kahraman insan t\u00fcrl\u00fc maddi manevi bask\u0131lara ra\u011fmen, m\u00fccadele yolunda geri ad\u0131m atmam\u0131\u015ft\u0131r.\u00a0T\u00fcrkl\u00fc\u011f\u00fcyle duydu\u011fu gurur benli\u011finin b\u00fct\u00fcn zerresine i\u015flemi\u015f olup, kilisede yap\u0131lan ayinlerde T\u00fcrk\u00e7e dua ve ilahiler okunmu\u015ftur. Bu gelenek g\u00fcn\u00fcm\u00fczde de devam etmektedir.<\/p>\n<p style=\"text-align: justify;\">Fener Rum Patrikhanesinin ?<strong><em>\u015eer ve H\u0131yanet Yuvas\u0131<\/em><\/strong>? oldu\u011funu ve Misak-\u0131 Milli s\u0131n\u0131rlar\u0131 i\u00e7erisinde yeri olmamas\u0131 gerekti\u011fini her vesile ile dile getirmi\u015f olan Mustafa Kemal, din kisvesi alt\u0131nda siyasi faaliyet g\u00f6steren bu fesat oda\u011f\u0131na kar\u015f\u0131, T\u00fcrk Ortodoks Patrikhanesine destek vererek g\u00fc\u00e7lenmesine gayret etmi\u015ftir. Y\u00fcce \u00f6nder bunu bir devlet politikas\u0131 olarak uygulam\u0131\u015f ve istikbalde de vasiyet etmi\u015ftir.\u00a0 Papa Eftim?i kastederek s\u00f6yledi\u011fi ?<strong><em>Bu Memlekete Bir Ordu Kadar Hizmet Etmi\u015ftir<\/em><\/strong>? s\u00f6z\u00fc, O&#8217;nun yapt\u0131klar\u0131n\u0131n de\u011ferini ortaya koymaktad\u0131r. M\u00fccadele i\u00e7inde ge\u00e7en ya\u015fam\u0131 1968 y\u0131l\u0131nda son bulmu\u015f olan merhum I.Eftim? in mezar ta\u015f\u0131nda, Atat\u00fcrk?\u00fcn yukar\u0131da yer alan bu s\u00f6zleri bulunmaktad\u0131r.<\/p>\n<p style=\"text-align: justify;\"><strong>Maalesef T\u00fcrk milleti bellek kayb\u0131na u\u011frat\u0131lm\u0131\u015f oldu\u011fu i\u00e7in, \u0130stiklal Madalyas\u0131 sahibi bu kahraman insan\u0131 bilenimiz duyan\u0131m\u0131z \u00e7ok azd\u0131r! <\/strong><\/p>\n<p style=\"text-align: justify;\">1968 y\u0131l\u0131nda I.Papa Eftim?in \u00f6l\u00fcm\u00fcnden sonra, T\u00fcrk Ortodoks Kilisenin ba\u015f\u0131na \u00f6nce o\u011flu Dr. Turgut Erenerol, ard\u0131ndan di\u011fer o\u011flu Sel\u00e7uk Erenerol, ge\u00e7mi\u015ftir. 2002 y\u0131l\u0131nda Sel\u00e7uk Bey?in vefat\u0131ndan sonra ise o\u011flu Pa\u015fa Erenerol bu g\u00f6reve gelmi\u015ftir. T\u00fcrk Ortodoks Kilisesi ya\u015fad\u0131\u011f\u0131 her t\u00fcrl\u00fc s\u0131k\u0131nt\u0131ya kar\u015f\u0131n Papa I.Eftim?in a\u00e7m\u0131\u015f oldu\u011fu yoldan taviz vermeden mevcudiyetini devam ettirmektedir.<\/p>\n<p style=\"text-align: justify;\">Patrikhanenin Bas\u0131n ve Halkla \u0130li\u015fkiler sorumlusu Sevgi Erenerol han\u0131mefendi de t\u0131pk\u0131 babas\u0131, amcas\u0131 ve dedesi gibi, T\u00fcrkiye&#8217;nin \u00fcniter devlet yap\u0131s\u0131na sonuna kadar sad\u0131k olup, T\u00fcrkiye&#8217;nin milli menfaatlerine ayk\u0131r\u0131 eylemler kar\u015f\u0131s\u0131nda da kararl\u0131 bir duru\u015fa sahip olmu\u015ftur. \u00dclkenin birlik ve b\u00fct\u00fcnl\u00fc\u011f\u00fc konusunda son derece duyarl\u0131 tav\u0131r sergileyen Sevgi Erenerol, vermi\u015f oldu\u011fu konferanslar ve demokratik etkinliklerle T\u00fcrk toplumunun ayd\u0131nlanmas\u0131 i\u00e7in fedak\u00e2rca m\u00fccadele vermi\u015ftir. Tan\u0131m\u0131\u015f oldu\u011fum en asil ve y\u00fcrekli kad\u0131nlar\u0131n ba\u015f\u0131nda gelen Sevgi Erenerol, 22 Ocak 2008 tarihinde ger\u00e7ekle\u015ftirilen Ergenekon operasyonunda s\u00f6zde \u00f6rg\u00fct y\u00f6neticili\u011fi iddias\u0131yla tutuklanm\u0131\u015ft\u0131r. Yunanistan Ba\u015fbakan\u0131n\u0131n T\u00fcrkiye?yi ziyaret etti\u011fi g\u00fcn, ona jest yapmak ad\u0131na ger\u00e7ekle\u015fen bu tutuklama karar\u0131 tarihe bir utan\u00e7 sayfas\u0131 olarak ge\u00e7mi\u015ftir.<\/p>\n<p style=\"text-align: justify;\">Yukar\u0131da biraz olsun tan\u0131tmaya \u00e7al\u0131\u015ft\u0131\u011f\u0131m, b\u00fcy\u00fck \u00f6nder Atat\u00fcrk?\u00fcn direktifleriyle kurulmu\u015f olan Ba\u011f\u0131ms\u0131z T\u00fcrk Ortodoks Patrikhanesi bize ve \u00fclkemize \u00e7ok de\u011ferli milli bir mirast\u0131r. Bu tarihi mirasa sahip \u00e7\u0131kmak ve korumak her T\u00fcrk vatanda\u015f\u0131n\u0131n vefa borcudur!<\/p>\n<p style=\"text-align: justify;\">Mustafa Kemal Atat\u00fcrk?\u00fcn b\u0131rakt\u0131\u011f\u0131 miras\u0131n ve de\u011ferlerin \u00f6zde savunucusu olarak son nefesime kadar Ba\u011f\u0131ms\u0131z T\u00fcrk Ortodoks Patrikhanesine destek olaca\u011f\u0131m!<\/p>\n<p style=\"text-align: justify;\">Ba\u011f\u0131ms\u0131zl\u0131k m\u00fccadelemizde bir ordu kadar hizmet etmi\u015f olan Papa Eftim?in, torunlar\u0131yla beraber olmaktan \u015feref duyaca\u011f\u0131m?<\/p>\n<p style=\"text-align: justify;\">Belki, b\u00f6ylece borcumu \u00f6derim!<\/p>\n<p style=\"text-align: right;\"><strong>Muzaffer Tekin<\/strong><\/p>\n","protected":false},"excerpt":{"rendered":"<p>Papa Eftim, Bu Memlekete Bir Ordu Kadar Hizmet Etmi\u015ftir \u00a0 \u00a0 \u00a0 \u00a0 \u00a0 \u00a0 \u00a0 \u00a0 \u00a0 \u00a0 \u00a0 \u00a0 \u00a0 \u00a0 \u00a0 \u00a0 \u00a0 \u00a0 \u00a0 \u00a0 \u00a0 \u00a0 \u00a0 \u00a0 \u00a0 \u00a0 \u00a0 \u00a0 \u00a0 \u00a0 \u00a0 \u00a0 \u00a0 \u00a0 \u00a0 \u00a0 \u00a0 \u00a0 \u00a0 Mustafa Kemal ATAT\u00dcRK &nbsp; &nbsp; Ba\u011f\u0131ms\u0131z T\u00fcrk [&hellip;]<\/p>\n","protected":false},"author":1,"featured_media":0,"parent":476,"menu_order":4,"comment_status":"open","ping_status":"open","template":"","meta":{"ngg_post_thumbnail":0,"footnotes":""},"class_list":["post-565","page","type-page","status-publish","hentry"],"aioseo_notices":[],"_links":{"self":[{"href":"https:\/\/www.muzaffertekin.com.tr\/index.php?rest_route=\/wp\/v2\/pages\/565","targetHints":{"allow":["GET"]}}],"collection":[{"href":"https:\/\/www.muzaffertekin.com.tr\/index.php?rest_route=\/wp\/v2\/pages"}],"about":[{"href":"https:\/\/www.muzaffertekin.com.tr\/index.php?rest_route=\/wp\/v2\/types\/page"}],"author":[{"embeddable":true,"href":"https:\/\/www.muzaffertekin.com.tr\/index.php?rest_route=\/wp\/v2\/users\/1"}],"replies":[{"embeddable":true,"href":"https:\/\/www.muzaffertekin.com.tr\/index.php?rest_route=%2Fwp%2Fv2%2Fcomments&post=565"}],"version-history":[{"count":15,"href":"https:\/\/www.muzaffertekin.com.tr\/index.php?rest_route=\/wp\/v2\/pages\/565\/revisions"}],"predecessor-version":[{"id":569,"href":"https:\/\/www.muzaffertekin.com.tr\/index.php?rest_route=\/wp\/v2\/pages\/565\/revisions\/569"}],"up":[{"embeddable":true,"href":"https:\/\/www.muzaffertekin.com.tr\/index.php?rest_route=\/wp\/v2\/pages\/476"}],"wp:attachment":[{"href":"https:\/\/www.muzaffertekin.com.tr\/index.php?rest_route=%2Fwp%2Fv2%2Fmedia&parent=565"}],"curies":[{"name":"wp","href":"https:\/\/api.w.org\/{rel}","templated":true}]}}