{"id":508,"date":"2011-03-14T12:17:49","date_gmt":"2011-03-14T12:17:49","guid":{"rendered":"http:\/\/www.muzaffertekin.com.tr\/?page_id=508"},"modified":"2011-03-30T11:37:24","modified_gmt":"2011-03-30T11:37:24","slug":"gsm-baz-istasyon-kayitlari","status":"publish","type":"page","link":"https:\/\/www.muzaffertekin.com.tr\/?page_id=508","title":{"rendered":"GSM Baz \u0130stasyon kay\u0131tlar\u0131"},"content":{"rendered":"<p><a href=\"http:\/\/www.muzaffertekin.com.tr\/wp-content\/uploads\/2011\/03\/MT-022.jpg\"><\/a><a href=\"http:\/\/www.muzaffertekin.com.tr\/wp-content\/uploads\/2011\/03\/MT-023.jpg\"><\/a><a href=\"http:\/\/www.muzaffertekin.com.tr\/wp-content\/uploads\/2011\/03\/MT-023.jpg\"><\/a><a href=\"http:\/\/www.muzaffertekin.com.tr\/wp-content\/uploads\/2011\/03\/MT-023.jpg\"><\/a><a href=\"http:\/\/www.muzaffertekin.com.tr\/wp-content\/uploads\/2011\/03\/MT-023.jpg\"><\/a><\/p>\n<p><strong>OSMAN YILDIRIM?IN ATA\u015eEH\u0130R?DE TOPLANTI YAPILDI \u0130FT\u0130RASINI \u00c7\u00dcR\u00dcTEN GSM BAZ \u0130STASYON RAPORLARI:<\/strong><\/p>\n<p>Savc\u0131, Osman YILDIRIM?\u0131n g\u00fcvenilmez, tutars\u0131z, s\u00fcrekli yalan s\u00f6yleyen ve alm\u0131\u015f oldu\u011fu cezalardan kurtulmak i\u00e7in insanlara \u0130FT\u0130RA atan bir ki\u015filikte oldu\u011funu bilmesine ra\u011fmen ki bu husus Ankara 11.A\u011f\u0131r Ceza Mahkeme Ba\u015fkan\u0131 Sn. Orhan KARADEN\u0130Z taraf\u0131ndan da \u00f6zellikle vurgulanm\u0131\u015ft\u0131r, maalesef savc\u0131 b\u00fct\u00fcn bunlar\u0131 yok sayarak ve hi\u00e7bir maddi delile ula\u015famadan iddianamesini Osman YILDIRIM?\u0131n \u0130FT\u0130RALARI \u00fczerine kurgulam\u0131\u015ft\u0131r!<a href=\"http:\/\/www.muzaffertekin.com.tr\/wp-content\/uploads\/2011\/03\/MT-0172.jpg\"><img loading=\"lazy\" decoding=\"async\" class=\"aligncenter size-large wp-image-514\" title=\"MT 017\" src=\"http:\/\/www.muzaffertekin.com.tr\/wp-content\/uploads\/2011\/03\/MT-0172-744x1024.jpg\" alt=\"\" width=\"744\" height=\"1024\" srcset=\"https:\/\/www.muzaffertekin.com.tr\/wp-content\/uploads\/2011\/03\/MT-0172-744x1024.jpg 744w, https:\/\/www.muzaffertekin.com.tr\/wp-content\/uploads\/2011\/03\/MT-0172-218x300.jpg 218w\" sizes=\"auto, (max-width: 744px) 100vw, 744px\" \/><\/a><a href=\"http:\/\/www.muzaffertekin.com.tr\/wp-content\/uploads\/2011\/03\/MT-0182.jpg\"><img loading=\"lazy\" decoding=\"async\" class=\"aligncenter size-large wp-image-515\" title=\"MT 018\" src=\"http:\/\/www.muzaffertekin.com.tr\/wp-content\/uploads\/2011\/03\/MT-0182-744x1024.jpg\" alt=\"\" width=\"744\" height=\"1024\" srcset=\"https:\/\/www.muzaffertekin.com.tr\/wp-content\/uploads\/2011\/03\/MT-0182-744x1024.jpg 744w, https:\/\/www.muzaffertekin.com.tr\/wp-content\/uploads\/2011\/03\/MT-0182-218x300.jpg 218w\" sizes=\"auto, (max-width: 744px) 100vw, 744px\" \/><\/a><a href=\"http:\/\/www.muzaffertekin.com.tr\/wp-content\/uploads\/2011\/03\/MT-0192.jpg\"><img loading=\"lazy\" decoding=\"async\" class=\"aligncenter size-large wp-image-516\" title=\"MT 019\" src=\"http:\/\/www.muzaffertekin.com.tr\/wp-content\/uploads\/2011\/03\/MT-0192-1024x744.jpg\" alt=\"\" width=\"1024\" height=\"744\" srcset=\"https:\/\/www.muzaffertekin.com.tr\/wp-content\/uploads\/2011\/03\/MT-0192-1024x744.jpg 1024w, https:\/\/www.muzaffertekin.com.tr\/wp-content\/uploads\/2011\/03\/MT-0192-300x218.jpg 300w\" sizes=\"auto, (max-width: 1024px) 100vw, 1024px\" \/><\/a><a href=\"http:\/\/www.muzaffertekin.com.tr\/wp-content\/uploads\/2011\/03\/MT-023.jpg\"><img loading=\"lazy\" decoding=\"async\" class=\"aligncenter size-large wp-image-519\" title=\"MT 023\" src=\"http:\/\/www.muzaffertekin.com.tr\/wp-content\/uploads\/2011\/03\/MT-023-1024x744.jpg\" alt=\"\" width=\"1024\" height=\"744\" srcset=\"https:\/\/www.muzaffertekin.com.tr\/wp-content\/uploads\/2011\/03\/MT-023-1024x744.jpg 1024w, https:\/\/www.muzaffertekin.com.tr\/wp-content\/uploads\/2011\/03\/MT-023-300x218.jpg 300w\" sizes=\"auto, (max-width: 1024px) 100vw, 1024px\" \/><\/a><a href=\"http:\/\/www.muzaffertekin.com.tr\/wp-content\/uploads\/2011\/03\/MT-0241.jpg\"><img loading=\"lazy\" decoding=\"async\" class=\"aligncenter size-large wp-image-521\" title=\"MT 024\" src=\"http:\/\/www.muzaffertekin.com.tr\/wp-content\/uploads\/2011\/03\/MT-0241-744x1024.jpg\" alt=\"\" width=\"744\" height=\"1024\" srcset=\"https:\/\/www.muzaffertekin.com.tr\/wp-content\/uploads\/2011\/03\/MT-0241-744x1024.jpg 744w, https:\/\/www.muzaffertekin.com.tr\/wp-content\/uploads\/2011\/03\/MT-0241-218x300.jpg 218w\" sizes=\"auto, (max-width: 744px) 100vw, 744px\" \/><\/a><\/p>\n","protected":false},"excerpt":{"rendered":"<p>OSMAN YILDIRIM?IN ATA\u015eEH\u0130R?DE TOPLANTI YAPILDI \u0130FT\u0130RASINI \u00c7\u00dcR\u00dcTEN GSM BAZ \u0130STASYON RAPORLARI: Savc\u0131, Osman YILDIRIM?\u0131n g\u00fcvenilmez, tutars\u0131z, s\u00fcrekli yalan s\u00f6yleyen ve alm\u0131\u015f oldu\u011fu cezalardan kurtulmak i\u00e7in insanlara \u0130FT\u0130RA atan bir ki\u015filikte oldu\u011funu bilmesine ra\u011fmen ki bu husus Ankara 11.A\u011f\u0131r Ceza Mahkeme Ba\u015fkan\u0131 Sn. Orhan KARADEN\u0130Z taraf\u0131ndan da \u00f6zellikle vurgulanm\u0131\u015ft\u0131r, maalesef savc\u0131 b\u00fct\u00fcn bunlar\u0131 yok sayarak ve [&hellip;]<\/p>\n","protected":false},"author":1,"featured_media":0,"parent":454,"menu_order":0,"comment_status":"open","ping_status":"open","template":"","meta":{"ngg_post_thumbnail":0,"footnotes":""},"class_list":["post-508","page","type-page","status-publish","hentry"],"aioseo_notices":[],"_links":{"self":[{"href":"https:\/\/www.muzaffertekin.com.tr\/index.php?rest_route=\/wp\/v2\/pages\/508","targetHints":{"allow":["GET"]}}],"collection":[{"href":"https:\/\/www.muzaffertekin.com.tr\/index.php?rest_route=\/wp\/v2\/pages"}],"about":[{"href":"https:\/\/www.muzaffertekin.com.tr\/index.php?rest_route=\/wp\/v2\/types\/page"}],"author":[{"embeddable":true,"href":"https:\/\/www.muzaffertekin.com.tr\/index.php?rest_route=\/wp\/v2\/users\/1"}],"replies":[{"embeddable":true,"href":"https:\/\/www.muzaffertekin.com.tr\/index.php?rest_route=%2Fwp%2Fv2%2Fcomments&post=508"}],"version-history":[{"count":10,"href":"https:\/\/www.muzaffertekin.com.tr\/index.php?rest_route=\/wp\/v2\/pages\/508\/revisions"}],"predecessor-version":[{"id":622,"href":"https:\/\/www.muzaffertekin.com.tr\/index.php?rest_route=\/wp\/v2\/pages\/508\/revisions\/622"}],"up":[{"embeddable":true,"href":"https:\/\/www.muzaffertekin.com.tr\/index.php?rest_route=\/wp\/v2\/pages\/454"}],"wp:attachment":[{"href":"https:\/\/www.muzaffertekin.com.tr\/index.php?rest_route=%2Fwp%2Fv2%2Fmedia&parent=508"}],"curies":[{"name":"wp","href":"https:\/\/api.w.org\/{rel}","templated":true}]}}