{"id":454,"date":"2011-03-10T13:22:00","date_gmt":"2011-03-10T13:22:00","guid":{"rendered":"http:\/\/www.muzaffertekin.com.tr\/?page_id=454"},"modified":"2011-07-12T14:45:13","modified_gmt":"2011-07-12T14:45:13","slug":"gercekler","status":"publish","type":"page","link":"https:\/\/www.muzaffertekin.com.tr\/?page_id=454","title":{"rendered":"Bomba Yalan\u0131"},"content":{"rendered":"<h2>Multi fonksiyon \u00f6zelli\u011fi ile Ergenekon\u00a0davas\u0131n\u0131n hem san\u0131\u011f\u0131, hem tan\u0131\u011f\u0131, hem de gizli tan\u0131\u011f\u0131 durumundaki, Osman Y\u0131ld\u0131r\u0131m, Cumhuriyet gazetesinin bombalanmas\u0131 \u00f6ncesinde toplant\u0131 yap\u0131ld\u0131\u011f\u0131n\u0131 ve bombalar\u0131 Muzaffer Tekin den ald\u0131\u011f\u0131n\u0131 \u00f6ne s\u00fcrd\u00fc\u011f\u00fc Ata\u015fehir deki evi yakla\u015f\u0131k 2,5 saatlik arama s\u00fcrecinde bulamam\u0131\u015ft\u0131r!<\/h2>\n<p>&nbsp;<\/p>\n<p>Yalan ve iftiralar\u0131yla Ergenekon ve Dan\u0131\u015ftay davas\u0131n\u0131n birle\u015ftirilmesine k\u00f6pr\u00fc olan Osman Y\u0131ld\u0131r\u0131m, duru\u015fmalarda s\u00fcrekli olarak mahkeme heyetine y\u00f6nelik yapt\u0131\u011f\u0131 ?<strong><em>Ata\u015fehir bir saatlik yol g\u00f6t\u00fcr\u00fcn beni, evi elimle koymu\u015f gibi g\u00f6stereyim<\/em><\/strong>? iddias\u0131 \u00fczerine mahkeme taraf\u0131ndan ke\u015fif karar\u0131 al\u0131nm\u0131\u015ft\u0131r.<\/p>\n<p>Ke\u015ffin, oldu bittiye getirilerek san\u0131k avukatlar\u0131ndan habersiz yap\u0131lmas\u0131 korkusunu ta\u015f\u0131yan, Av. Zeynep K\u00fc\u00e7\u00fck \u0131srarla takip ederek ke\u015fif tarihini \u00f6\u011frenmi\u015f ve mahkemeye yapt\u0131\u011f\u0131 yaz\u0131l\u0131 m\u00fcracaatla ke\u015fif heyetine d\u00e2hil olmu\u015ftur. Ke\u015fif g\u00fcn\u00fc, yer olmad\u0131\u011f\u0131 gerek\u00e7esiyle heyetin bulundu\u011fu araca al\u0131nmak istemeyen K\u00fc\u00e7\u00fck, Osman Y\u0131ld\u0131r\u0131m&#8217;\u0131n avukat\u0131n\u0131n ara\u00e7ta oldu\u011funu ve buna ra\u011fmen talebi olmas\u0131na ra\u011fmen araca al\u0131nmad\u0131\u011f\u0131n\u0131n tutana\u011fa ge\u00e7irilmesi konusunda yapt\u0131\u011f\u0131 itiraz \u00fczerine araca d\u00e2hil edilmi\u015ftir.<\/p>\n<p>Ke\u015fif arac\u0131, 7 Ekim 2010 g\u00fcn\u00fc Osman Y\u0131ld\u0131r\u0131m?\u0131n k\u0131lavuzlu\u011funda Ata\u015fehir ve \u00e7evresinde 2,5 saati a\u015fk\u0131n s\u00fcre dola\u015farak s\u00f6z konusu evi aram\u0131\u015f ancak Osman Y\u0131ld\u0131r\u0131m bir t\u00fcrl\u00fc evi bulamam\u0131\u015ft\u0131r!<\/p>\n<p>Bin bir g\u00fc\u00e7l\u00fckle ke\u015ffe kat\u0131lan Av. Zeynep K\u00fc\u00e7\u00fck, \u00a0ara\u00e7 i\u00e7erisinde tan\u0131k oldu\u011fu ve tertibi de\u015fifre eden olay hakk\u0131nda t\u00fcyler \u00fcrperten \u015fu ifadelerde bulunmu\u015ftur;<\/p>\n<p>&#8220;<em>Osman Y\u0131ld\u0131r\u0131m&#8217;\u0131n evi bulamamas\u0131 \u00fczerine sinirlenen hakim, &#8220;Bulamayacaksan s\u00f6yle zapt\u0131 kapataca\u011f\u0131m&#8221; dedi. H\u00e2kim \u00c7almuk&#8217;un zapt\u0131 kapatmas\u0131n\u0131n ard\u0131ndan<\/em><em> <\/em><strong><em>Savc\u0131 Nihat Ta\u015fk\u0131n, Recep \u00d6zkan&#8217;\u0131n Ata\u015fehir&#8217;deki evini biliyoruz. Oraya da \u00e7ok yak\u0131n\u0131z. Hep beraber gidelim, Osman Y\u0131ld\u0131r\u0131m&#8217;a ke\u015ffi orada yapt\u0131ral\u0131m!!! dedi.<\/em><\/strong><em> <\/em><em>Bu duruma itiraz ettim ve Osman Y\u0131ld\u0131r\u0131m&#8217;\u0131n evi bulmas\u0131 i\u00e7in yola \u00e7\u0131kt\u0131k, Osman Y\u0131ld\u0131r\u0131m&#8217;\u0131 oraya elimizle mi g\u00f6t\u00fcrece\u011fiz&#8221; dedim ve bunun \u00fczerine h\u00e2kim de bizi hakl\u0131 bularak zapt\u0131 kapatt\u0131<\/em>&#8221;<\/p>\n<p>Savc\u0131n\u0131n yapm\u0131\u015f oldu\u011fu teklif, ke\u015ffin san\u0131k avukatlar\u0131na neden bildirilmedi\u011fini ve Zeynep K\u00fc\u00e7\u00fck?\u00fcn neden ke\u015fif arac\u0131na al\u0131nmak istemeyi\u015fini a\u00e7\u0131k\u00e7a g\u00f6zler \u00f6n\u00fcne sermektedir!<\/p>\n<p>Av. Zeynep K\u00fc\u00e7\u00fck o\u00a0ara\u00e7ta olmasa ve savc\u0131n\u0131n talebine itiraz etmese Osman Y\u0131ld\u0131r\u0131m, o evi eliyle koymu\u015f gibi g\u00f6sterecek ve s\u00f6zde \u00f6rg\u00fct evi ke\u015ffedilecekti!<\/p>\n<p>Fakat, Av. Zeynep K\u00fc\u00e7\u00fck?\u00fcn \u0131srarl\u0131 gayretleri sonucu ke\u015ffe kat\u0131lmas\u0131 tertibi bo\u015fa \u00e7\u0131karm\u0131\u015ft\u0131r.<\/p>\n<p><em>B\u00f6yle bir toplant\u0131n\u0131n olmad\u0131\u011f\u0131 daha \u00f6nce telekom\u00fcnikasyon kay\u0131tlar\u0131yla, teknik olarak ispat edilerek mahkemeye sunulmu\u015ftu.<\/em><\/p>\n<p style=\"text-align: left;\"><strong><br \/>\n<\/strong><\/p>\n<h2 style=\"text-align: center;\"><\/h2>\n<h2 style=\"text-align: center;\"><strong>BASINDA KONUYLA \u0130LG\u0130L\u0130 \u00c7IKAN HABERLER<\/strong><\/h2>\n<h2><span style=\"text-decoration: underline;\"><strong>NTV<\/strong><\/span><\/h2>\n<p><span style=\"text-decoration: underline;\">G\u00fcncelleme: 16:46 TS\u0130 07 Ekim. 2010 Per\u015fembe<\/span><\/p>\n<h3><strong>Osman Y\u0131ld\u0131r\u0131m 2 saat evi bulamad\u0131<\/strong><\/h3>\n<h3><strong>Osman Y\u0131ld\u0131r\u0131m, Cumhuriyet gazetesine att\u0131\u011f\u0131 el bombalar\u0131n\u0131 ve talimat\u0131 ald\u0131\u011f\u0131n\u0131 s\u00f6yledi\u011fi evleri 2 saatlik ke\u015fifte bulamad\u0131.<\/strong><\/h3>\n<p>&nbsp;<\/p>\n<div>\u0130STANBUL &#8211; Osman Y\u0131ld\u0131r\u0131m, Cumhuriyet gazetesine at\u0131lan el bombalar\u0131n\u0131 ald\u0131\u011f\u0131n\u0131 iddia etti\u011fi yeri g\u00f6stermesi i\u00e7in cezaevi arac\u0131yla Ata\u015fehir&#8217;e g\u00f6t\u00fcr\u00fcld\u00fc.<\/div>\n<p>Y\u0131ld\u0131r\u0131m, bombalar\u0131 ve sald\u0131r\u0131 talimat\u0131n\u0131 teslim ald\u0131\u011f\u0131 2 adresten s\u00f6z ediyordu.<\/p>\n<p>Bir hakim, bir savc\u0131 ve san\u0131k avukatlar\u0131ndan olu\u015fan grup, Y\u0131ld\u0131r\u0131m ile birlikte s\u00f6zkonu adreslerin yolunu tuttu.<\/p>\n<p>Cezaevi arac\u0131yla geni\u015f g\u00fcvenlik \u00f6nlemleri alt\u0131nda Ata\u015fehir&#8217;e g\u00f6t\u00fcr\u00fclen Y\u0131ld\u0131r\u0131m, sald\u0131r\u0131 talimat\u0131n\u0131n verildi\u011fini iddia etti\u011fi evi aramaya ba\u015flad\u0131.<\/p>\n<p>Yolu tarif edecek ki\u015fi yani Osman Y\u0131ld\u0131r\u0131m adresi &#8220;hat\u0131rlayamay\u0131nca&#8221; heyet ba\u015flang\u0131\u00e7 noktas\u0131na geri d\u00f6nd\u00fc. \u0130kinci kez ayn\u0131 noktaya do\u011fru gidildi ancak Y\u0131ld\u0131r\u0131m, adresi yine bulamad\u0131.<\/p>\n<p>2 saat s\u00fcren adres arama \u00e7abas\u0131 olumsuz sonu\u00e7lan\u0131nca ke\u015fiften vazge\u00e7ildi.<\/p>\n<p>Dan\u0131\u015ftay sald\u0131r\u0131s\u0131 san\u0131\u011f\u0131 Osman Y\u0131ld\u0131r\u0131m &#8220;Cumhuriyet gazetesine bombal\u0131 sald\u0131r\u0131 talimat\u0131n\u0131 Ergenekon san\u0131\u011f\u0131 emekli Tu\u011fgeneral Veli K\u00fc\u00e7\u00fck&#8217;ten, bombalar\u0131 da emekli y\u00fczba\u015f\u0131 Muzaffer Tekin&#8217;den ald\u0131\u011f\u0131n\u0131 \u00f6ne s\u00fcrm\u00fc\u015ft\u00fc.<\/p>\n<p>Bu ifade sonras\u0131 Ergenekon ve Dan\u0131\u015ftay davalar\u0131 birle\u015ftirilmi\u015fti.<\/p>\n<p>K\u00fc\u00e7\u00fck ve Tekin&#8217;in avukatlar\u0131 Y\u0131ld\u0131r\u0131m&#8217;\u0131n yalan beyanda bulundu\u011funun bir kez daha \u0131spatland\u0131\u011f\u0131n\u0131 s\u00f6yleyerek tepki g\u00f6sterdi.<\/p>\n<p><a href=\"http:\/\/www.ntvmsnbc.com\/id\/25138920#storyContinued\"><strong>http:\/\/www.ntvmsnbc.com\/id\/25138920#storyContinued<\/strong><\/a><\/p>\n<h2><span style=\"text-decoration: underline;\">HABERT\u00dcRK<\/span><\/h2>\n<h3>Osman Y\u0131ld\u0131r\u0131m bombalar\u0131 ald\u0131\u011f\u0131 evi bulamad\u0131<\/h3>\n<h3>El bombalar\u0131n\u0131 teslim ald\u0131\u011f\u0131n\u0131 \u00f6ne s\u00fcrd\u00fc\u011f\u00fc eve tatbikat yapt\u0131r\u0131lmak \u00fczere g\u00f6t\u00fcr\u00fclen Y\u0131ld\u0131r\u0131m evleri bulamad\u0131<\/h3>\n<p><span style=\"text-decoration: underline;\">07 Ekim 2010 Per\u015fembe, 12:09:53<\/span><\/p>\n<p><a href=\"http:\/\/www.muzaffertekin.com.tr\/?attachment_id=915\" rel=\"attachment wp-att-915\"><img loading=\"lazy\" decoding=\"async\" class=\"size-full wp-image-915 alignleft\" title=\"Osman Y\u0131ld\u0131r\u0131m\" src=\"http:\/\/www.muzaffertekin.com.tr\/wp-content\/uploads\/2011\/03\/Osman-Y\u0131ld\u0131r\u0131m.jpg\" alt=\"\" width=\"290\" height=\"298\" \/><\/a><\/p>\n<p>Birinci &#8221;Ergenekon&#8221; davas\u0131n\u0131n tutuklu san\u0131klar\u0131ndan Osman Y\u0131ld\u0131r\u0131m, Ata\u015fehir&#8217;de yap\u0131lan ke\u015ffin ard\u0131ndan yeniden Silivri Cezaevine g\u00f6nderildi.<\/p>\n<p>Ata\u015fehir \u0130l\u00e7e Emniyet M\u00fcd\u00fcrl\u00fc\u011f\u00fc \u00f6n\u00fcnde, mahkeme hakimlerinden H\u00fcsn\u00fc \u00c7almuk ile \u0130stanbul Cumhuriyet Savc\u0131s\u0131 Nihat Ta\u015fk\u0131n&#8217;\u0131n da bulundu\u011fu minib\u00fcsten indirilen Y\u0131ld\u0131r\u0131m, geni\u015f g\u00fcvenlik \u00f6nlemleri alt\u0131nda cezaevi arac\u0131na bindirilerek, tekrar cezaevine yolland\u0131.<\/p>\n<p>Bu arada Y\u0131ld\u0131r\u0131m, el bombalar\u0131n\u0131 teslim ald\u0131\u011f\u0131n\u0131 iddia etti\u011fi Ata\u015fehir&#8217;deki Yeni \u00c7aml\u0131ca Mahallesi Baraj Yolu Caddesi P\u0131nar Sitesi&#8217;ndeki adrese getirilmedi.<\/p>\n<p>Ke\u015fif gezisinin ard\u0131ndan bas\u0131n mensuplar\u0131na bir a\u00e7\u0131klama yapan davan\u0131n tutuklu san\u0131klar\u0131ndan Veli K\u00fc\u00e7\u00fck&#8217;\u00fcn avukat\u0131 Zeynep K\u00fc\u00e7\u00fck, san\u0131k Osman Y\u0131ld\u0131r\u0131m&#8217;\u0131n toplant\u0131 yap\u0131ld\u0131\u011f\u0131n\u0131 ve bombalar\u0131n verildi\u011fini iddia etti\u011fi Ata\u015fehir&#8217;deki 2 evde ke\u015fif yap\u0131lmas\u0131 i\u00e7in getirildi\u011fini anlatt\u0131.<\/p>\n<p>K\u00fc\u00e7\u00fck, ke\u015fif i\u015flemine ili\u015fkin \u015funlar\u0131 anlatt\u0131:<br \/>\n&#8221;Osman Y\u0131ld\u0131r\u0131m, davadaki ifadelerinde &#8216;Adresleri elimle koymu\u015f gibi g\u00f6sterebilirim&#8217; dedi. Defalarca duru\u015fma s\u0131ras\u0131nda bu iddias\u0131n\u0131 tekrarlad\u0131. Osman Y\u0131ld\u0131r\u0131m, iddia etti\u011fi ilk evi g\u00f6steremedi. Oray\u0131 g\u00f6steremedi\u011fi gibi, biz o evde herhangi bir toplant\u0131 olmad\u0131\u011f\u0131n\u0131 ispat etmemiz \u00fczerine, bir ikinci ev iddia etmi\u015fti, oray\u0131 da g\u00f6steremedi. Osman Y\u0131ld\u0131r\u0131m, bug\u00fcn sadece s\u00f6zde bombalar\u0131 Alparslan Arslan&#8217;dan ald\u0131ktan sonra taksiye binerek evine gitti\u011fini iddia etti\u011fi dura\u011f\u0131 g\u00f6sterdi. Taksi dura\u011f\u0131n\u0131 g\u00f6sterebildi. Bunun haricinde ke\u015fif yap\u0131lamad\u0131 \u00e7\u00fcnk\u00fc Osman Y\u0131ld\u0131r\u0131m, her iki evi de ne g\u00f6sterebildi, ne tarif edebildi.<\/p>\n<p>Osman Y\u0131ld\u0131r\u0131m&#8217;\u0131n ve savc\u0131l\u0131k makam\u0131n\u0131n iddia etti\u011fi gibi bir toplant\u0131 olmam\u0131\u015ft\u0131r. Sadece Alparslan Arslan ile Osman Y\u0131ld\u0131r\u0131m, Recep \u00d6zkan&#8217;\u0131n evinin \u00f6n\u00fcnde bulu\u015fmu\u015flard\u0131r. Osman Y\u0131ld\u0131r\u0131m&#8217;\u0131 al\u0131p getiren ki\u015fi Orhan Kad\u0131&#8217;d\u0131r. Alparslan Arslan&#8217;\u0131n yak\u0131n arkada\u015f\u0131d\u0131r. Alparslan Arslan a\u015fa\u011f\u0131 inmi\u015ftir, Y\u0131ld\u0131r\u0131m&#8217;\u0131 alm\u0131\u015ft\u0131r ve bombalar\u0131 araban\u0131n i\u00e7inde teslim etmi\u015ftir. Alparslan Arslan da bunu s\u00f6yl\u00fcyor. Orhan Kad\u0131 ve Recep \u00d6zkan da bu iddiay\u0131 aynen do\u011fruluyor.&#8221;<\/p>\n<p>Avukat K\u00fc\u00e7\u00fck, ke\u015fif gezisinin ard\u0131ndan her iki evin de tespitinin yap\u0131lamad\u0131\u011f\u0131n\u0131, Y\u0131ld\u0131r\u0131m&#8217;\u0131n evleri tespit edemedi\u011fi \u015feklinde bir tutanak tanzim edildi\u011fini s\u00f6zlerine ekledi.<\/p>\n<p><a href=\"http:\/\/www.haberturk.com\/yasam\/haber\/559106-osman-yildirim-bombalari-aldigi-evi-bulamadi\"><strong>http:\/\/www.haberturk.com\/yasam\/haber\/559106-osman-yildirim-bombalari-aldigi-evi-bulamadi<\/strong><\/a><\/p>\n","protected":false},"excerpt":{"rendered":"<p>Multi fonksiyon \u00f6zelli\u011fi ile Ergenekon\u00a0davas\u0131n\u0131n hem san\u0131\u011f\u0131, hem tan\u0131\u011f\u0131, hem de gizli tan\u0131\u011f\u0131 durumundaki, Osman Y\u0131ld\u0131r\u0131m, Cumhuriyet gazetesinin bombalanmas\u0131 \u00f6ncesinde toplant\u0131 yap\u0131ld\u0131\u011f\u0131n\u0131 ve bombalar\u0131 Muzaffer Tekin den ald\u0131\u011f\u0131n\u0131 \u00f6ne s\u00fcrd\u00fc\u011f\u00fc Ata\u015fehir deki evi yakla\u015f\u0131k 2,5 saatlik arama s\u00fcrecinde bulamam\u0131\u015ft\u0131r! &nbsp; Yalan ve iftiralar\u0131yla Ergenekon ve Dan\u0131\u015ftay davas\u0131n\u0131n birle\u015ftirilmesine k\u00f6pr\u00fc olan Osman Y\u0131ld\u0131r\u0131m, duru\u015fmalarda s\u00fcrekli olarak [&hellip;]<\/p>\n","protected":false},"author":1,"featured_media":0,"parent":476,"menu_order":3,"comment_status":"open","ping_status":"open","template":"","meta":{"ngg_post_thumbnail":0,"footnotes":""},"class_list":["post-454","page","type-page","status-publish","hentry"],"aioseo_notices":[],"_links":{"self":[{"href":"https:\/\/www.muzaffertekin.com.tr\/index.php?rest_route=\/wp\/v2\/pages\/454","targetHints":{"allow":["GET"]}}],"collection":[{"href":"https:\/\/www.muzaffertekin.com.tr\/index.php?rest_route=\/wp\/v2\/pages"}],"about":[{"href":"https:\/\/www.muzaffertekin.com.tr\/index.php?rest_route=\/wp\/v2\/types\/page"}],"author":[{"embeddable":true,"href":"https:\/\/www.muzaffertekin.com.tr\/index.php?rest_route=\/wp\/v2\/users\/1"}],"replies":[{"embeddable":true,"href":"https:\/\/www.muzaffertekin.com.tr\/index.php?rest_route=%2Fwp%2Fv2%2Fcomments&post=454"}],"version-history":[{"count":49,"href":"https:\/\/www.muzaffertekin.com.tr\/index.php?rest_route=\/wp\/v2\/pages\/454\/revisions"}],"predecessor-version":[{"id":1557,"href":"https:\/\/www.muzaffertekin.com.tr\/index.php?rest_route=\/wp\/v2\/pages\/454\/revisions\/1557"}],"up":[{"embeddable":true,"href":"https:\/\/www.muzaffertekin.com.tr\/index.php?rest_route=\/wp\/v2\/pages\/476"}],"wp:attachment":[{"href":"https:\/\/www.muzaffertekin.com.tr\/index.php?rest_route=%2Fwp%2Fv2%2Fmedia&parent=454"}],"curies":[{"name":"wp","href":"https:\/\/api.w.org\/{rel}","templated":true}]}}